{"id":3623,"date":"2023-06-21T13:37:07","date_gmt":"2023-06-21T16:37:07","guid":{"rendered":"https:\/\/laticiniosdanata.com.br\/?page_id=3623"},"modified":"2025-07-01T19:01:41","modified_gmt":"2025-07-01T22:01:41","slug":"onde-comprar","status":"publish","type":"page","link":"https:\/\/laticiniosdanata.com.br\/?page_id=3623","title":{"rendered":"Onde Comprar"},"content":{"rendered":"\t\t<div data-elementor-type=\"wp-page\" data-elementor-id=\"3623\" class=\"elementor elementor-3623\">\n\t\t\t\t\t\t\t\t\t<section class=\"elementor-section elementor-top-section elementor-element elementor-element-a47002f elementor-section-full_width elementor-section-height-default elementor-section-height-default\" data-id=\"a47002f\" data-element_type=\"section\">\n\t\t\t\t\t\t<div class=\"elementor-container elementor-column-gap-default\">\n\t\t\t\t\t<div class=\"elementor-column elementor-col-100 elementor-top-column elementor-element elementor-element-cab9d03\" data-id=\"cab9d03\" data-element_type=\"column\">\n\t\t\t<div class=\"elementor-widget-wrap\">\n\t\t\t\t\t\t\t\t\t<\/div>\n\t\t<\/div>\n\t\t\t\t\t\t\t<\/div>\n\t\t<\/section>\n\t\t\t\t<section class=\"elementor-section elementor-top-section elementor-element elementor-element-622f7ab elementor-section-stretched elementor-section-full_width elementor-section-height-default elementor-section-height-default\" data-id=\"622f7ab\" data-element_type=\"section\" id=\"demos\" data-settings=\"{&quot;stretch_section&quot;:&quot;section-stretched&quot;}\">\n\t\t\t\t\t\t<div class=\"elementor-container elementor-column-gap-default\">\n\t\t\t\t\t<div class=\"elementor-column elementor-col-100 elementor-top-column elementor-element elementor-element-e4b67d5\" data-id=\"e4b67d5\" data-element_type=\"column\">\n\t\t\t<div class=\"elementor-widget-wrap elementor-element-populated\">\n\t\t\t\t\t\t\t\t<div class=\"elementor-element elementor-element-1a77d56 elementor-widget elementor-widget-spacer\" data-id=\"1a77d56\" data-element_type=\"widget\" data-widget_type=\"spacer.default\">\n\t\t\t\t<div class=\"elementor-widget-container\">\n\t\t\t<style>\/*! elementor - v3.14.0 - 18-06-2023 *\/\n.elementor-column .elementor-spacer-inner{height:var(--spacer-size)}.e-con{--container-widget-width:100%}.e-con-inner>.elementor-widget-spacer,.e-con>.elementor-widget-spacer{width:var(--container-widget-width,var(--spacer-size));--align-self:var(--container-widget-align-self,initial);--flex-shrink:0}.e-con-inner>.elementor-widget-spacer>.elementor-widget-container,.e-con-inner>.elementor-widget-spacer>.elementor-widget-container>.elementor-spacer,.e-con>.elementor-widget-spacer>.elementor-widget-container,.e-con>.elementor-widget-spacer>.elementor-widget-container>.elementor-spacer{height:100%}.e-con-inner>.elementor-widget-spacer>.elementor-widget-container>.elementor-spacer>.elementor-spacer-inner,.e-con>.elementor-widget-spacer>.elementor-widget-container>.elementor-spacer>.elementor-spacer-inner{height:var(--container-widget-height,var(--spacer-size))}<\/style>\t\t<div class=\"elementor-spacer\">\n\t\t\t<div class=\"elementor-spacer-inner\"><\/div>\n\t\t<\/div>\n\t\t\t\t<\/div>\n\t\t\t\t<\/div>\n\t\t\t\t<div class=\"elementor-element elementor-element-2933414 elementor-widget elementor-widget-spacer\" data-id=\"2933414\" data-element_type=\"widget\" data-widget_type=\"spacer.default\">\n\t\t\t\t<div class=\"elementor-widget-container\">\n\t\t\t\t\t<div class=\"elementor-spacer\">\n\t\t\t<div class=\"elementor-spacer-inner\"><\/div>\n\t\t<\/div>\n\t\t\t\t<\/div>\n\t\t\t\t<\/div>\n\t\t\t\t<div class=\"elementor-element elementor-element-2312fa8 elementor-widget elementor-widget-spacer\" data-id=\"2312fa8\" data-element_type=\"widget\" data-widget_type=\"spacer.default\">\n\t\t\t\t<div class=\"elementor-widget-container\">\n\t\t\t\t\t<div class=\"elementor-spacer\">\n\t\t\t<div class=\"elementor-spacer-inner\"><\/div>\n\t\t<\/div>\n\t\t\t\t<\/div>\n\t\t\t\t<\/div>\n\t\t\t\t<div class=\"elementor-element elementor-element-7e9d2b2 elementor-widget elementor-widget-spacer\" data-id=\"7e9d2b2\" data-element_type=\"widget\" data-widget_type=\"spacer.default\">\n\t\t\t\t<div class=\"elementor-widget-container\">\n\t\t\t\t\t<div class=\"elementor-spacer\">\n\t\t\t<div class=\"elementor-spacer-inner\"><\/div>\n\t\t<\/div>\n\t\t\t\t<\/div>\n\t\t\t\t<\/div>\n\t\t\t\t<div class=\"elementor-element elementor-element-21b142d align-center elementor-widget elementor-widget-mae-headings\" data-id=\"21b142d\" data-element_type=\"widget\" data-widget_type=\"mae-headings.default\">\n\t\t\t\t<div class=\"elementor-widget-container\">\n\t\t\t\t\t<div class=\"master-heading\">\n\t        \n\t        \t        <h2 class=\"main-heading\">Onde Comprar<\/h2>\n\t        \n\t        \n\t        \t    <\/div>\n\t    \t\t<\/div>\n\t\t\t\t<\/div>\n\t\t\t\t<div class=\"elementor-element elementor-element-4427078 elementor-widget elementor-widget-spacer\" data-id=\"4427078\" data-element_type=\"widget\" data-widget_type=\"spacer.default\">\n\t\t\t\t<div class=\"elementor-widget-container\">\n\t\t\t\t\t<div class=\"elementor-spacer\">\n\t\t\t<div class=\"elementor-spacer-inner\"><\/div>\n\t\t<\/div>\n\t\t\t\t<\/div>\n\t\t\t\t<\/div>\n\t\t\t\t<section class=\"elementor-section elementor-inner-section elementor-element elementor-element-d20e4ef elementor-section-content-top elementor-section-boxed elementor-section-height-default elementor-section-height-default\" data-id=\"d20e4ef\" data-element_type=\"section\">\n\t\t\t\t\t\t<div class=\"elementor-container elementor-column-gap-no\">\n\t\t\t\t\t<div class=\"elementor-column elementor-col-100 elementor-inner-column elementor-element elementor-element-56f570c\" data-id=\"56f570c\" data-element_type=\"column\">\n\t\t\t<div class=\"elementor-widget-wrap elementor-element-populated\">\n\t\t\t\t\t\t\t\t<div class=\"elementor-element elementor-element-219eeec elementor-widget elementor-widget-text-editor\" data-id=\"219eeec\" data-element_type=\"widget\" data-widget_type=\"text-editor.default\">\n\t\t\t\t<div class=\"elementor-widget-container\">\n\t\t\t<style>\/*! elementor - v3.14.0 - 18-06-2023 *\/\n.elementor-widget-text-editor.elementor-drop-cap-view-stacked .elementor-drop-cap{background-color:#69727d;color:#fff}.elementor-widget-text-editor.elementor-drop-cap-view-framed .elementor-drop-cap{color:#69727d;border:3px solid;background-color:transparent}.elementor-widget-text-editor:not(.elementor-drop-cap-view-default) .elementor-drop-cap{margin-top:8px}.elementor-widget-text-editor:not(.elementor-drop-cap-view-default) .elementor-drop-cap-letter{width:1em;height:1em}.elementor-widget-text-editor .elementor-drop-cap{float:left;text-align:center;line-height:1;font-size:50px}.elementor-widget-text-editor .elementor-drop-cap-letter{display:inline-block}<\/style>\t\t\t\t<p>Voc\u00ea est\u00e1 pronto para levar para casa os melhores queijos artesanais? Com uma rede de distribui\u00e7\u00e3o abrangente, garantimos que voc\u00ea ter\u00e1 acesso aos nossos produtos em lojas especializadas e supermercados de confian\u00e7a. N\u00e3o perca a oportunidade de saborear a excel\u00eancia dos nossos queijos e descubra por que somos a escolha perfeita<\/p>\t\t\t\t\t\t<\/div>\n\t\t\t\t<\/div>\n\t\t\t\t\t<\/div>\n\t\t<\/div>\n\t\t\t\t\t\t\t<\/div>\n\t\t<\/section>\n\t\t\t\t\t<\/div>\n\t\t<\/div>\n\t\t\t\t\t\t\t<\/div>\n\t\t<\/section>\n\t\t\t\t<section class=\"elementor-section elementor-top-section elementor-element elementor-element-c1300ba elementor-section-boxed elementor-section-height-default elementor-section-height-default\" data-id=\"c1300ba\" data-element_type=\"section\">\n\t\t\t\t\t\t<div class=\"elementor-container elementor-column-gap-default\">\n\t\t\t\t\t<div class=\"elementor-column elementor-col-33 elementor-top-column elementor-element elementor-element-cd52683\" data-id=\"cd52683\" data-element_type=\"column\">\n\t\t\t<div class=\"elementor-widget-wrap elementor-element-populated\">\n\t\t\t\t\t\t\t\t<div class=\"elementor-element elementor-element-4b31f88 elementor-widget elementor-widget-image\" data-id=\"4b31f88\" data-element_type=\"widget\" data-widget_type=\"image.default\">\n\t\t\t\t<div class=\"elementor-widget-container\">\n\t\t\t<style>\/*! elementor - v3.14.0 - 18-06-2023 *\/\n.elementor-widget-image{text-align:center}.elementor-widget-image a{display:inline-block}.elementor-widget-image a img[src$=\".svg\"]{width:48px}.elementor-widget-image img{vertical-align:middle;display:inline-block}<\/style>\t\t\t\t\t\t\t\t\t\t\t\t\t<a href=\"https:\/\/www.villefort.com.br\/\" target=\"_blank\">\n\t\t\t\t\t\t\t<img loading=\"lazy\" decoding=\"async\" width=\"1024\" height=\"663\" src=\"https:\/\/laticiniosdanata.com.br\/wp-content\/uploads\/2023\/06\/1-Onde-Comprar-1024x663.png\" class=\"attachment-large size-large wp-image-3628\" alt=\"\" srcset=\"https:\/\/laticiniosdanata.com.br\/wp-content\/uploads\/2023\/06\/1-Onde-Comprar-1024x663.png 1024w, https:\/\/laticiniosdanata.com.br\/wp-content\/uploads\/2023\/06\/1-Onde-Comprar-300x194.png 300w, https:\/\/laticiniosdanata.com.br\/wp-content\/uploads\/2023\/06\/1-Onde-Comprar-768x497.png 768w, https:\/\/laticiniosdanata.com.br\/wp-content\/uploads\/2023\/06\/1-Onde-Comprar-535x346.png 535w, https:\/\/laticiniosdanata.com.br\/wp-content\/uploads\/2023\/06\/1-Onde-Comprar.png 1081w\" sizes=\"auto, (max-width: 1024px) 100vw, 1024px\" \/>\t\t\t\t\t\t\t\t<\/a>\n\t\t\t\t\t\t\t\t\t\t\t\t\t\t\t<\/div>\n\t\t\t\t<\/div>\n\t\t\t\t\t<\/div>\n\t\t<\/div>\n\t\t\t\t<div class=\"elementor-column elementor-col-33 elementor-top-column elementor-element elementor-element-1359ab2\" data-id=\"1359ab2\" data-element_type=\"column\">\n\t\t\t<div class=\"elementor-widget-wrap elementor-element-populated\">\n\t\t\t\t\t\t\t\t<div class=\"elementor-element elementor-element-76bdca5 elementor-widget elementor-widget-image\" data-id=\"76bdca5\" data-element_type=\"widget\" data-widget_type=\"image.default\">\n\t\t\t\t<div class=\"elementor-widget-container\">\n\t\t\t\t\t\t\t\t\t\t\t\t\t\t\t\t<a href=\"https:\/\/www.villefort.com.br\/\" target=\"_blank\">\n\t\t\t\t\t\t\t<img loading=\"lazy\" decoding=\"async\" width=\"1024\" height=\"663\" src=\"https:\/\/laticiniosdanata.com.br\/wp-content\/uploads\/2023\/06\/2-Onde-Comprar-1024x663.png\" class=\"attachment-large size-large wp-image-3629\" alt=\"\" srcset=\"https:\/\/laticiniosdanata.com.br\/wp-content\/uploads\/2023\/06\/2-Onde-Comprar-1024x663.png 1024w, https:\/\/laticiniosdanata.com.br\/wp-content\/uploads\/2023\/06\/2-Onde-Comprar-300x194.png 300w, https:\/\/laticiniosdanata.com.br\/wp-content\/uploads\/2023\/06\/2-Onde-Comprar-768x497.png 768w, https:\/\/laticiniosdanata.com.br\/wp-content\/uploads\/2023\/06\/2-Onde-Comprar-535x346.png 535w, https:\/\/laticiniosdanata.com.br\/wp-content\/uploads\/2023\/06\/2-Onde-Comprar.png 1081w\" sizes=\"auto, (max-width: 1024px) 100vw, 1024px\" \/>\t\t\t\t\t\t\t\t<\/a>\n\t\t\t\t\t\t\t\t\t\t\t\t\t\t\t<\/div>\n\t\t\t\t<\/div>\n\t\t\t\t\t<\/div>\n\t\t<\/div>\n\t\t\t\t<div class=\"elementor-column elementor-col-33 elementor-top-column elementor-element elementor-element-be94c1b\" data-id=\"be94c1b\" data-element_type=\"column\">\n\t\t\t<div class=\"elementor-widget-wrap elementor-element-populated\">\n\t\t\t\t\t\t\t\t<div class=\"elementor-element elementor-element-c3ed641 elementor-widget elementor-widget-image\" data-id=\"c3ed641\" data-element_type=\"widget\" data-widget_type=\"image.default\">\n\t\t\t\t<div class=\"elementor-widget-container\">\n\t\t\t\t\t\t\t\t\t\t\t\t\t\t\t\t<a href=\"https:\/\/www.novasafra.com.br\/\" target=\"_blank\">\n\t\t\t\t\t\t\t<img loading=\"lazy\" decoding=\"async\" width=\"1024\" height=\"665\" src=\"https:\/\/laticiniosdanata.com.br\/wp-content\/uploads\/2023\/06\/3-Onde-Comprar-1024x665.png\" class=\"attachment-large size-large wp-image-3630\" alt=\"\" srcset=\"https:\/\/laticiniosdanata.com.br\/wp-content\/uploads\/2023\/06\/3-Onde-Comprar-1024x665.png 1024w, https:\/\/laticiniosdanata.com.br\/wp-content\/uploads\/2023\/06\/3-Onde-Comprar-300x195.png 300w, https:\/\/laticiniosdanata.com.br\/wp-content\/uploads\/2023\/06\/3-Onde-Comprar-768x498.png 768w, https:\/\/laticiniosdanata.com.br\/wp-content\/uploads\/2023\/06\/3-Onde-Comprar-535x347.png 535w, https:\/\/laticiniosdanata.com.br\/wp-content\/uploads\/2023\/06\/3-Onde-Comprar.png 1080w\" sizes=\"auto, (max-width: 1024px) 100vw, 1024px\" \/>\t\t\t\t\t\t\t\t<\/a>\n\t\t\t\t\t\t\t\t\t\t\t\t\t\t\t<\/div>\n\t\t\t\t<\/div>\n\t\t\t\t\t<\/div>\n\t\t<\/div>\n\t\t\t\t\t\t\t<\/div>\n\t\t<\/section>\n\t\t\t\t<section class=\"elementor-section elementor-top-section elementor-element elementor-element-b2ef3be elementor-section-boxed elementor-section-height-default elementor-section-height-default\" data-id=\"b2ef3be\" data-element_type=\"section\">\n\t\t\t\t\t\t<div class=\"elementor-container elementor-column-gap-default\">\n\t\t\t\t\t<div class=\"elementor-column elementor-col-33 elementor-top-column elementor-element elementor-element-c114a08\" data-id=\"c114a08\" data-element_type=\"column\">\n\t\t\t<div class=\"elementor-widget-wrap elementor-element-populated\">\n\t\t\t\t\t\t\t\t<div class=\"elementor-element elementor-element-06e52ae elementor-widget elementor-widget-image\" data-id=\"06e52ae\" data-element_type=\"widget\" data-widget_type=\"image.default\">\n\t\t\t\t<div class=\"elementor-widget-container\">\n\t\t\t\t\t\t\t\t\t\t\t\t\t\t\t\t<a href=\"https:\/\/linktr.ee\/somarsupermercados?fbclid=PAZXh0bgNhZW0CMTEAAafOu3qDf9ZJK7XgUiONYxQz7dC75_OAuwnYSeVHn_0BZHDsSH7LXaZeihgVOQ_aem_HFTWevPUrccDzfrIOBH5rg\" target=\"_blank\">\n\t\t\t\t\t\t\t<img loading=\"lazy\" decoding=\"async\" width=\"1024\" height=\"687\" src=\"https:\/\/laticiniosdanata.com.br\/wp-content\/uploads\/2025\/07\/somar-1-1024x687.jpg\" class=\"attachment-large size-large wp-image-4121\" alt=\"\" srcset=\"https:\/\/laticiniosdanata.com.br\/wp-content\/uploads\/2025\/07\/somar-1-1024x687.jpg 1024w, https:\/\/laticiniosdanata.com.br\/wp-content\/uploads\/2025\/07\/somar-1-300x201.jpg 300w, https:\/\/laticiniosdanata.com.br\/wp-content\/uploads\/2025\/07\/somar-1-768x515.jpg 768w, https:\/\/laticiniosdanata.com.br\/wp-content\/uploads\/2025\/07\/somar-1-1536x1031.jpg 1536w, https:\/\/laticiniosdanata.com.br\/wp-content\/uploads\/2025\/07\/somar-1-535x359.jpg 535w, https:\/\/laticiniosdanata.com.br\/wp-content\/uploads\/2025\/07\/somar-1.jpg 1764w\" sizes=\"auto, (max-width: 1024px) 100vw, 1024px\" \/>\t\t\t\t\t\t\t\t<\/a>\n\t\t\t\t\t\t\t\t\t\t\t\t\t\t\t<\/div>\n\t\t\t\t<\/div>\n\t\t\t\t\t<\/div>\n\t\t<\/div>\n\t\t\t\t<div class=\"elementor-column elementor-col-33 elementor-top-column elementor-element elementor-element-a7bef2c\" data-id=\"a7bef2c\" data-element_type=\"column\">\n\t\t\t<div class=\"elementor-widget-wrap elementor-element-populated\">\n\t\t\t\t\t\t\t\t<div class=\"elementor-element elementor-element-85096e4 elementor-widget elementor-widget-image\" data-id=\"85096e4\" data-element_type=\"widget\" data-widget_type=\"image.default\">\n\t\t\t\t<div class=\"elementor-widget-container\">\n\t\t\t\t\t\t\t\t\t\t\t\t\t\t\t\t<a href=\"https:\/\/www.supermercadosbh.com.br\/belo-horizonte\/\" target=\"_blank\">\n\t\t\t\t\t\t\t<img loading=\"lazy\" decoding=\"async\" width=\"1024\" height=\"664\" src=\"https:\/\/laticiniosdanata.com.br\/wp-content\/uploads\/2023\/06\/4-Onde-Comprar-1024x664.png\" class=\"attachment-large size-large wp-image-3632\" alt=\"\" srcset=\"https:\/\/laticiniosdanata.com.br\/wp-content\/uploads\/2023\/06\/4-Onde-Comprar-1024x664.png 1024w, https:\/\/laticiniosdanata.com.br\/wp-content\/uploads\/2023\/06\/4-Onde-Comprar-300x195.png 300w, https:\/\/laticiniosdanata.com.br\/wp-content\/uploads\/2023\/06\/4-Onde-Comprar-768x498.png 768w, https:\/\/laticiniosdanata.com.br\/wp-content\/uploads\/2023\/06\/4-Onde-Comprar-535x347.png 535w, https:\/\/laticiniosdanata.com.br\/wp-content\/uploads\/2023\/06\/4-Onde-Comprar.png 1081w\" sizes=\"auto, (max-width: 1024px) 100vw, 1024px\" \/>\t\t\t\t\t\t\t\t<\/a>\n\t\t\t\t\t\t\t\t\t\t\t\t\t\t\t<\/div>\n\t\t\t\t<\/div>\n\t\t\t\t\t<\/div>\n\t\t<\/div>\n\t\t\t\t<div class=\"elementor-column elementor-col-33 elementor-top-column elementor-element elementor-element-b56c212\" data-id=\"b56c212\" data-element_type=\"column\">\n\t\t\t<div class=\"elementor-widget-wrap elementor-element-populated\">\n\t\t\t\t\t\t\t\t<div class=\"elementor-element elementor-element-e09f0f2 elementor-widget elementor-widget-image\" data-id=\"e09f0f2\" data-element_type=\"widget\" data-widget_type=\"image.default\">\n\t\t\t\t<div class=\"elementor-widget-container\">\n\t\t\t\t\t\t\t\t\t\t\t\t\t\t\t\t<a href=\"https:\/\/meuprata.com.br\/\" target=\"_blank\">\n\t\t\t\t\t\t\t<img loading=\"lazy\" decoding=\"async\" width=\"1024\" height=\"687\" src=\"https:\/\/laticiniosdanata.com.br\/wp-content\/uploads\/2025\/07\/meuprata1-1024x687.jpg\" class=\"attachment-large size-large wp-image-4126\" alt=\"\" srcset=\"https:\/\/laticiniosdanata.com.br\/wp-content\/uploads\/2025\/07\/meuprata1-1024x687.jpg 1024w, https:\/\/laticiniosdanata.com.br\/wp-content\/uploads\/2025\/07\/meuprata1-300x201.jpg 300w, https:\/\/laticiniosdanata.com.br\/wp-content\/uploads\/2025\/07\/meuprata1-768x515.jpg 768w, https:\/\/laticiniosdanata.com.br\/wp-content\/uploads\/2025\/07\/meuprata1-1536x1031.jpg 1536w, https:\/\/laticiniosdanata.com.br\/wp-content\/uploads\/2025\/07\/meuprata1-535x359.jpg 535w, https:\/\/laticiniosdanata.com.br\/wp-content\/uploads\/2025\/07\/meuprata1.jpg 1764w\" sizes=\"auto, (max-width: 1024px) 100vw, 1024px\" \/>\t\t\t\t\t\t\t\t<\/a>\n\t\t\t\t\t\t\t\t\t\t\t\t\t\t\t<\/div>\n\t\t\t\t<\/div>\n\t\t\t\t\t<\/div>\n\t\t<\/div>\n\t\t\t\t\t\t\t<\/div>\n\t\t<\/section>\n\t\t\t\t<section class=\"elementor-section elementor-top-section elementor-element elementor-element-2d8e378 elementor-section-stretched elementor-section-full_width elementor-section-height-default elementor-section-height-default\" data-id=\"2d8e378\" data-element_type=\"section\" data-settings=\"{&quot;stretch_section&quot;:&quot;section-stretched&quot;}\">\n\t\t\t\t\t\t<div class=\"elementor-container elementor-column-gap-default\">\n\t\t\t\t\t<div class=\"elementor-column elementor-col-100 elementor-top-column elementor-element elementor-element-a3a3f7d\" data-id=\"a3a3f7d\" data-element_type=\"column\">\n\t\t\t<div class=\"elementor-widget-wrap elementor-element-populated\">\n\t\t\t\t\t\t\t\t<section class=\"elementor-section elementor-inner-section elementor-element elementor-element-87f4697 elementor-section-content-top elementor-section-boxed elementor-section-height-default elementor-section-height-default\" data-id=\"87f4697\" data-element_type=\"section\">\n\t\t\t\t\t\t<div class=\"elementor-container elementor-column-gap-no\">\n\t\t\t\t\t<div class=\"elementor-column elementor-col-100 elementor-inner-column elementor-element elementor-element-283962d\" data-id=\"283962d\" data-element_type=\"column\">\n\t\t\t<div class=\"elementor-widget-wrap elementor-element-populated\">\n\t\t\t\t\t\t\t\t<div class=\"elementor-element elementor-element-5d46117 elementor-widget elementor-widget-spacer\" data-id=\"5d46117\" data-element_type=\"widget\" data-widget_type=\"spacer.default\">\n\t\t\t\t<div class=\"elementor-widget-container\">\n\t\t\t\t\t<div class=\"elementor-spacer\">\n\t\t\t<div class=\"elementor-spacer-inner\"><\/div>\n\t\t<\/div>\n\t\t\t\t<\/div>\n\t\t\t\t<\/div>\n\t\t\t\t<div class=\"elementor-element elementor-element-ae9b371 elementor-align-center elementor-widget elementor-widget-button\" data-id=\"ae9b371\" data-element_type=\"widget\" data-settings=\"{&quot;_animation&quot;:&quot;none&quot;}\" data-widget_type=\"button.default\">\n\t\t\t\t<div class=\"elementor-widget-container\">\n\t\t\t\t\t<div class=\"elementor-button-wrapper\">\n\t\t\t<a class=\"elementor-button elementor-button-link elementor-size-xs\" href=\"https:\/\/laticiniosdanata.com.br\/\" id=\"A\">\n\t\t\t\t\t\t<span class=\"elementor-button-content-wrapper\">\n\t\t\t\t\t\t<span class=\"elementor-button-icon elementor-align-icon-left\">\n\t\t\t\t<i aria-hidden=\"true\" class=\"fe fe-arrow-left\"><\/i>\t\t\t<\/span>\n\t\t\t\t\t\t<span class=\"elementor-button-text\">Voltar<\/span>\n\t\t<\/span>\n\t\t\t\t\t<\/a>\n\t\t<\/div>\n\t\t\t\t<\/div>\n\t\t\t\t<\/div>\n\t\t\t\t\t<\/div>\n\t\t<\/div>\n\t\t\t\t\t\t\t<\/div>\n\t\t<\/section>\n\t\t\t\t\t<\/div>\n\t\t<\/div>\n\t\t\t\t\t\t\t<\/div>\n\t\t<\/section>\n\t\t\t\t<section class=\"elementor-section elementor-top-section elementor-element elementor-element-eaa27c1 elementor-section-stretched elementor-section-full_width elementor-section-height-default elementor-section-height-default\" data-id=\"eaa27c1\" data-element_type=\"section\" data-settings=\"{&quot;stretch_section&quot;:&quot;section-stretched&quot;,&quot;background_background&quot;:&quot;classic&quot;}\">\n\t\t\t\t\t\t<div class=\"elementor-container elementor-column-gap-default\">\n\t\t\t\t\t<div class=\"elementor-column elementor-col-100 elementor-top-column elementor-element elementor-element-2138efc\" data-id=\"2138efc\" data-element_type=\"column\">\n\t\t\t<div class=\"elementor-widget-wrap elementor-element-populated\">\n\t\t\t\t\t\t\t\t<div class=\"elementor-element elementor-element-dabc802 elementor-widget elementor-widget-spacer\" data-id=\"dabc802\" data-element_type=\"widget\" data-widget_type=\"spacer.default\">\n\t\t\t\t<div class=\"elementor-widget-container\">\n\t\t\t\t\t<div class=\"elementor-spacer\">\n\t\t\t<div class=\"elementor-spacer-inner\"><\/div>\n\t\t<\/div>\n\t\t\t\t<\/div>\n\t\t\t\t<\/div>\n\t\t\t\t<div class=\"elementor-element elementor-element-ae0ec6a full-screen-true elementor-widget elementor-widget-mae-gallery-carousel\" data-id=\"ae0ec6a\" data-element_type=\"widget\" data-widget_type=\"mae-gallery-carousel.default\">\n\t\t\t\t<div class=\"elementor-widget-container\">\n\t\t\t\n        <div class=\"master-carousel-box mlr-1591470095 master-galleries full-screen-true\" data-config='{\"column\":\"custom\",\"gap\":\"0px\",\"arrowPosition\":null,\"arrowMiddleOffset\":null,\"arrowTopOffset\":null,\"dotOffset\":null,\"fullRight\":false,\"autoPlay\":true,\"prevNextButtons\":false,\"pageDots\":false,\"groupCells\":false,\"cellAlign\":\"center\",\"wrapAround\":true}'>\n                            <div class=\"master-gallery  item-carousel \">\n                    <div class=\"thumb\"><img decoding=\"async\" src=\"http:\/\/laticiniosdanata.com.br\/wp-content\/uploads\/2023\/06\/Logo-Danata-Latici\u0301nios.png\" alt=\"Image\" \/><\/div>                <\/div>\n                    <\/div>\n\n        \t\t<\/div>\n\t\t\t\t<\/div>\n\t\t\t\t<div class=\"elementor-element elementor-element-5aeef85 elementor-widget elementor-widget-spacer\" data-id=\"5aeef85\" data-element_type=\"widget\" data-widget_type=\"spacer.default\">\n\t\t\t\t<div class=\"elementor-widget-container\">\n\t\t\t\t\t<div class=\"elementor-spacer\">\n\t\t\t<div class=\"elementor-spacer-inner\"><\/div>\n\t\t<\/div>\n\t\t\t\t<\/div>\n\t\t\t\t<\/div>\n\t\t\t\t\t<\/div>\n\t\t<\/div>\n\t\t\t\t\t\t\t<\/div>\n\t\t<\/section>\n\t\t\t\t\t\t\t<\/div>\n\t\t","protected":false},"excerpt":{"rendered":"<p>Onde Comprar Voc\u00ea est\u00e1 pronto para levar para casa os melhores queijos artesanais? Com uma rede de distribui\u00e7\u00e3o abrangente, garantimos que voc\u00ea ter\u00e1 acesso aos nossos produtos em lojas especializadas e supermercados de confian\u00e7a. N\u00e3o perca a oportunidade de saborear a excel\u00eancia dos nossos queijos e descubra<\/p>\n","protected":false},"author":1,"featured_media":0,"parent":0,"menu_order":0,"comment_status":"closed","ping_status":"closed","template":"","meta":{"_mi_skip_tracking":false,"_monsterinsights_sitenote_active":false,"_monsterinsights_sitenote_note":"","_monsterinsights_sitenote_category":0,"footnotes":""},"class_list":["post-3623","page","type-page","status-publish","hentry"],"_links":{"self":[{"href":"https:\/\/laticiniosdanata.com.br\/index.php?rest_route=\/wp\/v2\/pages\/3623","targetHints":{"allow":["GET"]}}],"collection":[{"href":"https:\/\/laticiniosdanata.com.br\/index.php?rest_route=\/wp\/v2\/pages"}],"about":[{"href":"https:\/\/laticiniosdanata.com.br\/index.php?rest_route=\/wp\/v2\/types\/page"}],"author":[{"embeddable":true,"href":"https:\/\/laticiniosdanata.com.br\/index.php?rest_route=\/wp\/v2\/users\/1"}],"replies":[{"embeddable":true,"href":"https:\/\/laticiniosdanata.com.br\/index.php?rest_route=%2Fwp%2Fv2%2Fcomments&post=3623"}],"version-history":[{"count":25,"href":"https:\/\/laticiniosdanata.com.br\/index.php?rest_route=\/wp\/v2\/pages\/3623\/revisions"}],"predecessor-version":[{"id":4138,"href":"https:\/\/laticiniosdanata.com.br\/index.php?rest_route=\/wp\/v2\/pages\/3623\/revisions\/4138"}],"wp:attachment":[{"href":"https:\/\/laticiniosdanata.com.br\/index.php?rest_route=%2Fwp%2Fv2%2Fmedia&parent=3623"}],"curies":[{"name":"wp","href":"https:\/\/api.w.org\/{rel}","templated":true}]}}