{"id":3505,"date":"2023-06-21T10:51:17","date_gmt":"2023-06-21T13:51:17","guid":{"rendered":"https:\/\/laticiniosdanata.com.br\/?page_id=3505"},"modified":"2023-06-21T11:03:27","modified_gmt":"2023-06-21T14:03:27","slug":"salada-caprese","status":"publish","type":"page","link":"https:\/\/laticiniosdanata.com.br\/?page_id=3505","title":{"rendered":"Receitas &#8211; Salada Caprese"},"content":{"rendered":"\t\t<div data-elementor-type=\"wp-page\" data-elementor-id=\"3505\" class=\"elementor elementor-3505\">\n\t\t\t\t\t\t\t\t\t<section class=\"elementor-section elementor-top-section elementor-element elementor-element-a47002f elementor-section-full_width elementor-section-height-default elementor-section-height-default\" data-id=\"a47002f\" data-element_type=\"section\">\n\t\t\t\t\t\t<div class=\"elementor-container elementor-column-gap-default\">\n\t\t\t\t\t<div class=\"elementor-column elementor-col-100 elementor-top-column elementor-element elementor-element-cab9d03\" data-id=\"cab9d03\" data-element_type=\"column\">\n\t\t\t<div class=\"elementor-widget-wrap\">\n\t\t\t\t\t\t\t\t\t<\/div>\n\t\t<\/div>\n\t\t\t\t\t\t\t<\/div>\n\t\t<\/section>\n\t\t\t\t<section class=\"elementor-section elementor-top-section elementor-element elementor-element-622f7ab elementor-section-stretched elementor-section-full_width elementor-section-height-default elementor-section-height-default\" data-id=\"622f7ab\" data-element_type=\"section\" id=\"demos\" data-settings=\"{&quot;stretch_section&quot;:&quot;section-stretched&quot;}\">\n\t\t\t\t\t\t<div class=\"elementor-container elementor-column-gap-default\">\n\t\t\t\t\t<div class=\"elementor-column elementor-col-100 elementor-top-column elementor-element elementor-element-e4b67d5\" data-id=\"e4b67d5\" data-element_type=\"column\">\n\t\t\t<div class=\"elementor-widget-wrap elementor-element-populated\">\n\t\t\t\t\t\t\t\t<div class=\"elementor-element elementor-element-1a77d56 elementor-widget elementor-widget-spacer\" data-id=\"1a77d56\" data-element_type=\"widget\" data-widget_type=\"spacer.default\">\n\t\t\t\t<div class=\"elementor-widget-container\">\n\t\t\t<style>\/*! elementor - v3.14.0 - 18-06-2023 *\/\n.elementor-column .elementor-spacer-inner{height:var(--spacer-size)}.e-con{--container-widget-width:100%}.e-con-inner>.elementor-widget-spacer,.e-con>.elementor-widget-spacer{width:var(--container-widget-width,var(--spacer-size));--align-self:var(--container-widget-align-self,initial);--flex-shrink:0}.e-con-inner>.elementor-widget-spacer>.elementor-widget-container,.e-con-inner>.elementor-widget-spacer>.elementor-widget-container>.elementor-spacer,.e-con>.elementor-widget-spacer>.elementor-widget-container,.e-con>.elementor-widget-spacer>.elementor-widget-container>.elementor-spacer{height:100%}.e-con-inner>.elementor-widget-spacer>.elementor-widget-container>.elementor-spacer>.elementor-spacer-inner,.e-con>.elementor-widget-spacer>.elementor-widget-container>.elementor-spacer>.elementor-spacer-inner{height:var(--container-widget-height,var(--spacer-size))}<\/style>\t\t<div class=\"elementor-spacer\">\n\t\t\t<div class=\"elementor-spacer-inner\"><\/div>\n\t\t<\/div>\n\t\t\t\t<\/div>\n\t\t\t\t<\/div>\n\t\t\t\t<div class=\"elementor-element elementor-element-2933414 elementor-widget elementor-widget-spacer\" data-id=\"2933414\" data-element_type=\"widget\" data-widget_type=\"spacer.default\">\n\t\t\t\t<div class=\"elementor-widget-container\">\n\t\t\t\t\t<div class=\"elementor-spacer\">\n\t\t\t<div class=\"elementor-spacer-inner\"><\/div>\n\t\t<\/div>\n\t\t\t\t<\/div>\n\t\t\t\t<\/div>\n\t\t\t\t<div class=\"elementor-element elementor-element-2312fa8 elementor-widget elementor-widget-spacer\" data-id=\"2312fa8\" data-element_type=\"widget\" data-widget_type=\"spacer.default\">\n\t\t\t\t<div class=\"elementor-widget-container\">\n\t\t\t\t\t<div class=\"elementor-spacer\">\n\t\t\t<div class=\"elementor-spacer-inner\"><\/div>\n\t\t<\/div>\n\t\t\t\t<\/div>\n\t\t\t\t<\/div>\n\t\t\t\t<div class=\"elementor-element elementor-element-7e9d2b2 elementor-widget elementor-widget-spacer\" data-id=\"7e9d2b2\" data-element_type=\"widget\" data-widget_type=\"spacer.default\">\n\t\t\t\t<div class=\"elementor-widget-container\">\n\t\t\t\t\t<div class=\"elementor-spacer\">\n\t\t\t<div class=\"elementor-spacer-inner\"><\/div>\n\t\t<\/div>\n\t\t\t\t<\/div>\n\t\t\t\t<\/div>\n\t\t\t\t<div class=\"elementor-element elementor-element-21b142d align-center elementor-widget elementor-widget-mae-headings\" data-id=\"21b142d\" data-element_type=\"widget\" data-widget_type=\"mae-headings.default\">\n\t\t\t\t<div class=\"elementor-widget-container\">\n\t\t\t\t\t<div class=\"master-heading\">\n\t        \n\t        \t        <h2 class=\"main-heading\">Salada Caprese<\/h2>\n\t        \n\t        \n\t        \t    <\/div>\n\t    \t\t<\/div>\n\t\t\t\t<\/div>\n\t\t\t\t<div class=\"elementor-element elementor-element-4427078 elementor-widget elementor-widget-spacer\" data-id=\"4427078\" data-element_type=\"widget\" data-widget_type=\"spacer.default\">\n\t\t\t\t<div class=\"elementor-widget-container\">\n\t\t\t\t\t<div class=\"elementor-spacer\">\n\t\t\t<div class=\"elementor-spacer-inner\"><\/div>\n\t\t<\/div>\n\t\t\t\t<\/div>\n\t\t\t\t<\/div>\n\t\t\t\t<section class=\"elementor-section elementor-inner-section elementor-element elementor-element-83534c1 elementor-section-content-top elementor-section-boxed elementor-section-height-default elementor-section-height-default\" data-id=\"83534c1\" data-element_type=\"section\">\n\t\t\t\t\t\t<div class=\"elementor-container elementor-column-gap-no\">\n\t\t\t\t\t<div class=\"elementor-column elementor-col-100 elementor-inner-column elementor-element elementor-element-fd00620\" data-id=\"fd00620\" data-element_type=\"column\">\n\t\t\t<div class=\"elementor-widget-wrap elementor-element-populated\">\n\t\t\t\t\t\t\t\t<div class=\"elementor-element elementor-element-83fb8cc elementor-widget elementor-widget-image\" data-id=\"83fb8cc\" data-element_type=\"widget\" data-widget_type=\"image.default\">\n\t\t\t\t<div class=\"elementor-widget-container\">\n\t\t\t<style>\/*! elementor - v3.14.0 - 18-06-2023 *\/\n.elementor-widget-image{text-align:center}.elementor-widget-image a{display:inline-block}.elementor-widget-image a img[src$=\".svg\"]{width:48px}.elementor-widget-image img{vertical-align:middle;display:inline-block}<\/style>\t\t\t\t\t\t\t\t\t\t\t\t<img loading=\"lazy\" decoding=\"async\" width=\"2488\" height=\"1686\" src=\"https:\/\/laticiniosdanata.com.br\/wp-content\/uploads\/2023\/06\/Captura-de-Tela-2023-06-21-a\u0300s-10.53.48.png\" class=\"attachment-full size-full wp-image-3508\" alt=\"\" srcset=\"https:\/\/laticiniosdanata.com.br\/wp-content\/uploads\/2023\/06\/Captura-de-Tela-2023-06-21-a\u0300s-10.53.48.png 2488w, https:\/\/laticiniosdanata.com.br\/wp-content\/uploads\/2023\/06\/Captura-de-Tela-2023-06-21-a\u0300s-10.53.48-300x203.png 300w, https:\/\/laticiniosdanata.com.br\/wp-content\/uploads\/2023\/06\/Captura-de-Tela-2023-06-21-a\u0300s-10.53.48-1024x694.png 1024w, https:\/\/laticiniosdanata.com.br\/wp-content\/uploads\/2023\/06\/Captura-de-Tela-2023-06-21-a\u0300s-10.53.48-768x520.png 768w, https:\/\/laticiniosdanata.com.br\/wp-content\/uploads\/2023\/06\/Captura-de-Tela-2023-06-21-a\u0300s-10.53.48-1536x1041.png 1536w, https:\/\/laticiniosdanata.com.br\/wp-content\/uploads\/2023\/06\/Captura-de-Tela-2023-06-21-a\u0300s-10.53.48-2048x1388.png 2048w, https:\/\/laticiniosdanata.com.br\/wp-content\/uploads\/2023\/06\/Captura-de-Tela-2023-06-21-a\u0300s-10.53.48-535x363.png 535w\" sizes=\"auto, (max-width: 2488px) 100vw, 2488px\" \/>\t\t\t\t\t\t\t\t\t\t\t\t\t\t\t<\/div>\n\t\t\t\t<\/div>\n\t\t\t\t<div class=\"elementor-element elementor-element-af5d5a2 elementor-widget elementor-widget-spacer\" data-id=\"af5d5a2\" data-element_type=\"widget\" data-widget_type=\"spacer.default\">\n\t\t\t\t<div class=\"elementor-widget-container\">\n\t\t\t\t\t<div class=\"elementor-spacer\">\n\t\t\t<div class=\"elementor-spacer-inner\"><\/div>\n\t\t<\/div>\n\t\t\t\t<\/div>\n\t\t\t\t<\/div>\n\t\t\t\t<div class=\"elementor-element elementor-element-7b99eb9 elementor-widget elementor-widget-text-editor\" data-id=\"7b99eb9\" data-element_type=\"widget\" data-widget_type=\"text-editor.default\">\n\t\t\t\t<div class=\"elementor-widget-container\">\n\t\t\t<style>\/*! elementor - v3.14.0 - 18-06-2023 *\/\n.elementor-widget-text-editor.elementor-drop-cap-view-stacked .elementor-drop-cap{background-color:#69727d;color:#fff}.elementor-widget-text-editor.elementor-drop-cap-view-framed .elementor-drop-cap{color:#69727d;border:3px solid;background-color:transparent}.elementor-widget-text-editor:not(.elementor-drop-cap-view-default) .elementor-drop-cap{margin-top:8px}.elementor-widget-text-editor:not(.elementor-drop-cap-view-default) .elementor-drop-cap-letter{width:1em;height:1em}.elementor-widget-text-editor .elementor-drop-cap{float:left;text-align:center;line-height:1;font-size:50px}.elementor-widget-text-editor .elementor-drop-cap-letter{display:inline-block}<\/style>\t\t\t\t<p><strong>Ingredientes para a salada:<\/strong><br \/>\u2022 1 kg de mussarela de b\u00fafala<br \/>\u2022 5 tomates<br \/>\u2022 6 folhas de manjeric\u00e3o lavadas <br \/>\u2022 azeite de oliva a gosto<br \/>\u2022 sal a gosto<br \/>\u2022 molho pesto a gosto<br \/><br \/><strong>Para o pesto:<\/strong><br \/>\u2022 2 x\u00edcaras (ch\u00e1) de folhas de manjeric\u00e3o fresco<br \/>\u2022 2 dentes de alho<br \/>\u2022 3 colheres (sopa) de pinolis ou de nozes sem casca picadas<br \/>\u2022 1\/2 x\u00edcara (ch\u00e1) de parmes\u00e3o ralado<br \/>\u2022 1\/2 x\u00edcara (ch\u00e1) de azeite de oliva<br \/>\u2022 pimenta-do-reino a gosto<\/p><p><strong>Modo de preparo para a salada:<\/strong><br \/>Numa t\u00e1bua, corte a mussarela em fatias de 0,5 cm. Transfira para uma tigela, tempere com sal e regue com um fio de azeite. Com uma colher, misture as rodelas delicadamente. Reserve. Corte tamb\u00e9m os tomates em fatias de 0,5 cm. Transfira para um escorredor de macarr\u00e3o e tempere com uma pitada de sal.<\/p><p>Com as m\u00e3os, misture os ingredientes e deixe escorrendo enquanto prepara o molho. Na hora de servir, fa\u00e7a uma pilha alternado 4 fatias de tomate com 4 fatias do queijo em cada prato. Entre as fatias, espalhe um pouquinho de molho pesto. Decore com as folhas de manjeric\u00e3o e sirva a seguir. Se preferir, arrume as fatias numa travessa, formando uma escama. Decore com as folhas de manjeric\u00e3o e sirva o molho \u00e0 parte.<br \/><br \/><strong>Para o pesto:<\/strong><br \/>Para medir a quantidade das folhas de manjeric\u00e3o, aperte-as bem na x\u00edcara. Lave as folhas de manjeric\u00e3o e descasque os dentes de alho. Coloque todos os ingredientes no processador de alimentos ou no liquidificador e bata at\u00e9 obter uma pasta homog\u00eanea. Se preferir, triture os ingredientes no pil\u00e3o. Comece batendo o alho com os pinolis, acrescente o manjeric\u00e3o, em seguida, o queijo e, por \u00faltimo, o azeite. Tempere com um pouco de pimenta-do-reino e conserve num vidro esterilizado.<\/p>\t\t\t\t\t\t<\/div>\n\t\t\t\t<\/div>\n\t\t\t\t\t<\/div>\n\t\t<\/div>\n\t\t\t\t\t\t\t<\/div>\n\t\t<\/section>\n\t\t\t\t\t<\/div>\n\t\t<\/div>\n\t\t\t\t\t\t\t<\/div>\n\t\t<\/section>\n\t\t\t\t<section class=\"elementor-section elementor-top-section elementor-element elementor-element-2d8e378 elementor-section-stretched elementor-section-full_width elementor-section-height-default elementor-section-height-default\" data-id=\"2d8e378\" data-element_type=\"section\" data-settings=\"{&quot;stretch_section&quot;:&quot;section-stretched&quot;}\">\n\t\t\t\t\t\t<div class=\"elementor-container elementor-column-gap-default\">\n\t\t\t\t\t<div class=\"elementor-column elementor-col-100 elementor-top-column elementor-element elementor-element-a3a3f7d\" data-id=\"a3a3f7d\" data-element_type=\"column\">\n\t\t\t<div class=\"elementor-widget-wrap elementor-element-populated\">\n\t\t\t\t\t\t\t\t<div class=\"elementor-element elementor-element-ae9b371 elementor-align-center elementor-widget elementor-widget-button\" data-id=\"ae9b371\" data-element_type=\"widget\" data-settings=\"{&quot;_animation&quot;:&quot;none&quot;}\" data-widget_type=\"button.default\">\n\t\t\t\t<div class=\"elementor-widget-container\">\n\t\t\t\t\t<div class=\"elementor-button-wrapper\">\n\t\t\t<a class=\"elementor-button elementor-button-link elementor-size-xs\" href=\"https:\/\/laticiniosdanata.com.br\/?page_id=3455\" id=\"A\">\n\t\t\t\t\t\t<span class=\"elementor-button-content-wrapper\">\n\t\t\t\t\t\t<span class=\"elementor-button-icon elementor-align-icon-left\">\n\t\t\t\t<i aria-hidden=\"true\" class=\"fe fe-arrow-left\"><\/i>\t\t\t<\/span>\n\t\t\t\t\t\t<span class=\"elementor-button-text\">Voltar<\/span>\n\t\t<\/span>\n\t\t\t\t\t<\/a>\n\t\t<\/div>\n\t\t\t\t<\/div>\n\t\t\t\t<\/div>\n\t\t\t\t\t<\/div>\n\t\t<\/div>\n\t\t\t\t\t\t\t<\/div>\n\t\t<\/section>\n\t\t\t\t<section class=\"elementor-section elementor-top-section elementor-element elementor-element-0186df6 elementor-section-stretched elementor-section-full_width elementor-section-height-default elementor-section-height-default\" data-id=\"0186df6\" data-element_type=\"section\" data-settings=\"{&quot;stretch_section&quot;:&quot;section-stretched&quot;,&quot;background_background&quot;:&quot;classic&quot;}\">\n\t\t\t\t\t\t<div class=\"elementor-container elementor-column-gap-default\">\n\t\t\t\t\t<div class=\"elementor-column elementor-col-100 elementor-top-column elementor-element elementor-element-81259cc\" data-id=\"81259cc\" data-element_type=\"column\">\n\t\t\t<div class=\"elementor-widget-wrap elementor-element-populated\">\n\t\t\t\t\t\t\t\t<div class=\"elementor-element elementor-element-d44734a elementor-widget elementor-widget-spacer\" data-id=\"d44734a\" data-element_type=\"widget\" data-widget_type=\"spacer.default\">\n\t\t\t\t<div class=\"elementor-widget-container\">\n\t\t\t\t\t<div class=\"elementor-spacer\">\n\t\t\t<div class=\"elementor-spacer-inner\"><\/div>\n\t\t<\/div>\n\t\t\t\t<\/div>\n\t\t\t\t<\/div>\n\t\t\t\t<div class=\"elementor-element elementor-element-e4355b6 full-screen-true elementor-widget elementor-widget-mae-gallery-carousel\" data-id=\"e4355b6\" data-element_type=\"widget\" data-widget_type=\"mae-gallery-carousel.default\">\n\t\t\t\t<div class=\"elementor-widget-container\">\n\t\t\t\n        <div class=\"master-carousel-box mlr-311540474 master-galleries full-screen-true\" data-config='{\"column\":\"custom\",\"gap\":\"0px\",\"arrowPosition\":null,\"arrowMiddleOffset\":null,\"arrowTopOffset\":null,\"dotOffset\":null,\"fullRight\":false,\"autoPlay\":true,\"prevNextButtons\":false,\"pageDots\":false,\"groupCells\":false,\"cellAlign\":\"center\",\"wrapAround\":true}'>\n                            <div class=\"master-gallery  item-carousel \">\n                    <div class=\"thumb\"><img decoding=\"async\" src=\"http:\/\/laticiniosdanata.com.br\/wp-content\/uploads\/2023\/06\/Logo-Danata-Latici\u0301nios.png\" alt=\"Image\" \/><\/div>                <\/div>\n                    <\/div>\n\n        \t\t<\/div>\n\t\t\t\t<\/div>\n\t\t\t\t<div class=\"elementor-element elementor-element-733ec08 elementor-widget elementor-widget-spacer\" data-id=\"733ec08\" data-element_type=\"widget\" data-widget_type=\"spacer.default\">\n\t\t\t\t<div class=\"elementor-widget-container\">\n\t\t\t\t\t<div class=\"elementor-spacer\">\n\t\t\t<div class=\"elementor-spacer-inner\"><\/div>\n\t\t<\/div>\n\t\t\t\t<\/div>\n\t\t\t\t<\/div>\n\t\t\t\t\t<\/div>\n\t\t<\/div>\n\t\t\t\t\t\t\t<\/div>\n\t\t<\/section>\n\t\t\t\t\t\t\t<\/div>\n\t\t","protected":false},"excerpt":{"rendered":"<p>Salada Caprese Ingredientes para a salada:\u2022 1 kg de mussarela de b\u00fafala\u2022 5 tomates\u2022 6 folhas de manjeric\u00e3o lavadas \u2022 azeite de oliva a gosto\u2022 sal a gosto\u2022 molho pesto a gosto Para o pesto:\u2022 2 x\u00edcaras (ch\u00e1) de folhas de manjeric\u00e3o fresco\u2022 2 dentes de alho\u2022<\/p>\n","protected":false},"author":1,"featured_media":0,"parent":0,"menu_order":0,"comment_status":"closed","ping_status":"closed","template":"","meta":{"_mi_skip_tracking":false,"_monsterinsights_sitenote_active":false,"_monsterinsights_sitenote_note":"","_monsterinsights_sitenote_category":0,"footnotes":""},"class_list":["post-3505","page","type-page","status-publish","hentry"],"_links":{"self":[{"href":"https:\/\/laticiniosdanata.com.br\/index.php?rest_route=\/wp\/v2\/pages\/3505","targetHints":{"allow":["GET"]}}],"collection":[{"href":"https:\/\/laticiniosdanata.com.br\/index.php?rest_route=\/wp\/v2\/pages"}],"about":[{"href":"https:\/\/laticiniosdanata.com.br\/index.php?rest_route=\/wp\/v2\/types\/page"}],"author":[{"embeddable":true,"href":"https:\/\/laticiniosdanata.com.br\/index.php?rest_route=\/wp\/v2\/users\/1"}],"replies":[{"embeddable":true,"href":"https:\/\/laticiniosdanata.com.br\/index.php?rest_route=%2Fwp%2Fv2%2Fcomments&post=3505"}],"version-history":[{"count":4,"href":"https:\/\/laticiniosdanata.com.br\/index.php?rest_route=\/wp\/v2\/pages\/3505\/revisions"}],"predecessor-version":[{"id":3514,"href":"https:\/\/laticiniosdanata.com.br\/index.php?rest_route=\/wp\/v2\/pages\/3505\/revisions\/3514"}],"wp:attachment":[{"href":"https:\/\/laticiniosdanata.com.br\/index.php?rest_route=%2Fwp%2Fv2%2Fmedia&parent=3505"}],"curies":[{"name":"wp","href":"https:\/\/api.w.org\/{rel}","templated":true}]}}