{"id":2661,"date":"2023-06-19T20:37:21","date_gmt":"2023-06-19T23:37:21","guid":{"rendered":"https:\/\/laticiniosdanata.com.br\/?page_id=2661"},"modified":"2025-05-13T20:43:41","modified_gmt":"2025-05-13T23:43:41","slug":"nossa-historia-2","status":"publish","type":"page","link":"https:\/\/laticiniosdanata.com.br\/?page_id=2661","title":{"rendered":"Nossa Hist\u00f3ria"},"content":{"rendered":"\t\t<div data-elementor-type=\"wp-page\" data-elementor-id=\"2661\" class=\"elementor elementor-2661\">\n\t\t\t\t\t\t\t\t\t<section class=\"elementor-section elementor-top-section elementor-element elementor-element-a47002f elementor-section-full_width elementor-section-height-default elementor-section-height-default\" data-id=\"a47002f\" data-element_type=\"section\">\n\t\t\t\t\t\t<div class=\"elementor-container elementor-column-gap-default\">\n\t\t\t\t\t<div class=\"elementor-column elementor-col-100 elementor-top-column elementor-element elementor-element-cab9d03\" data-id=\"cab9d03\" data-element_type=\"column\">\n\t\t\t<div class=\"elementor-widget-wrap\">\n\t\t\t\t\t\t\t\t\t<\/div>\n\t\t<\/div>\n\t\t\t\t\t\t\t<\/div>\n\t\t<\/section>\n\t\t\t\t<section class=\"elementor-section elementor-top-section elementor-element elementor-element-622f7ab elementor-section-stretched elementor-section-full_width elementor-section-height-default elementor-section-height-default\" data-id=\"622f7ab\" data-element_type=\"section\" id=\"demos\" data-settings=\"{&quot;stretch_section&quot;:&quot;section-stretched&quot;}\">\n\t\t\t\t\t\t<div class=\"elementor-container elementor-column-gap-default\">\n\t\t\t\t\t<div class=\"elementor-column elementor-col-100 elementor-top-column elementor-element elementor-element-e4b67d5\" data-id=\"e4b67d5\" data-element_type=\"column\">\n\t\t\t<div class=\"elementor-widget-wrap elementor-element-populated\">\n\t\t\t\t\t\t\t\t<div class=\"elementor-element elementor-element-1a77d56 elementor-widget elementor-widget-spacer\" data-id=\"1a77d56\" data-element_type=\"widget\" data-widget_type=\"spacer.default\">\n\t\t\t\t<div class=\"elementor-widget-container\">\n\t\t\t<style>\/*! elementor - v3.14.0 - 18-06-2023 *\/\n.elementor-column .elementor-spacer-inner{height:var(--spacer-size)}.e-con{--container-widget-width:100%}.e-con-inner>.elementor-widget-spacer,.e-con>.elementor-widget-spacer{width:var(--container-widget-width,var(--spacer-size));--align-self:var(--container-widget-align-self,initial);--flex-shrink:0}.e-con-inner>.elementor-widget-spacer>.elementor-widget-container,.e-con-inner>.elementor-widget-spacer>.elementor-widget-container>.elementor-spacer,.e-con>.elementor-widget-spacer>.elementor-widget-container,.e-con>.elementor-widget-spacer>.elementor-widget-container>.elementor-spacer{height:100%}.e-con-inner>.elementor-widget-spacer>.elementor-widget-container>.elementor-spacer>.elementor-spacer-inner,.e-con>.elementor-widget-spacer>.elementor-widget-container>.elementor-spacer>.elementor-spacer-inner{height:var(--container-widget-height,var(--spacer-size))}<\/style>\t\t<div class=\"elementor-spacer\">\n\t\t\t<div class=\"elementor-spacer-inner\"><\/div>\n\t\t<\/div>\n\t\t\t\t<\/div>\n\t\t\t\t<\/div>\n\t\t\t\t<div class=\"elementor-element elementor-element-2933414 elementor-widget elementor-widget-spacer\" data-id=\"2933414\" data-element_type=\"widget\" data-widget_type=\"spacer.default\">\n\t\t\t\t<div class=\"elementor-widget-container\">\n\t\t\t\t\t<div class=\"elementor-spacer\">\n\t\t\t<div class=\"elementor-spacer-inner\"><\/div>\n\t\t<\/div>\n\t\t\t\t<\/div>\n\t\t\t\t<\/div>\n\t\t\t\t<div class=\"elementor-element elementor-element-2312fa8 elementor-widget elementor-widget-spacer\" data-id=\"2312fa8\" data-element_type=\"widget\" data-widget_type=\"spacer.default\">\n\t\t\t\t<div class=\"elementor-widget-container\">\n\t\t\t\t\t<div class=\"elementor-spacer\">\n\t\t\t<div class=\"elementor-spacer-inner\"><\/div>\n\t\t<\/div>\n\t\t\t\t<\/div>\n\t\t\t\t<\/div>\n\t\t\t\t<div class=\"elementor-element elementor-element-7e9d2b2 elementor-widget elementor-widget-spacer\" data-id=\"7e9d2b2\" data-element_type=\"widget\" data-widget_type=\"spacer.default\">\n\t\t\t\t<div class=\"elementor-widget-container\">\n\t\t\t\t\t<div class=\"elementor-spacer\">\n\t\t\t<div class=\"elementor-spacer-inner\"><\/div>\n\t\t<\/div>\n\t\t\t\t<\/div>\n\t\t\t\t<\/div>\n\t\t\t\t<div class=\"elementor-element elementor-element-21b142d align-center elementor-widget elementor-widget-mae-headings\" data-id=\"21b142d\" data-element_type=\"widget\" data-widget_type=\"mae-headings.default\">\n\t\t\t\t<div class=\"elementor-widget-container\">\n\t\t\t\t\t<div class=\"master-heading\">\n\t        \n\t        \t        <h2 class=\"main-heading\">Nossa hist\u00f3ria<\/h2>\n\t        \n\t        \n\t        \t    <\/div>\n\t    \t\t<\/div>\n\t\t\t\t<\/div>\n\t\t\t\t<div class=\"elementor-element elementor-element-4427078 elementor-widget elementor-widget-spacer\" data-id=\"4427078\" data-element_type=\"widget\" data-widget_type=\"spacer.default\">\n\t\t\t\t<div class=\"elementor-widget-container\">\n\t\t\t\t\t<div class=\"elementor-spacer\">\n\t\t\t<div class=\"elementor-spacer-inner\"><\/div>\n\t\t<\/div>\n\t\t\t\t<\/div>\n\t\t\t\t<\/div>\n\t\t\t\t<section class=\"elementor-section elementor-inner-section elementor-element elementor-element-d20e4ef elementor-section-content-top elementor-section-boxed elementor-section-height-default elementor-section-height-default\" data-id=\"d20e4ef\" data-element_type=\"section\">\n\t\t\t\t\t\t<div class=\"elementor-container elementor-column-gap-no\">\n\t\t\t\t\t<div class=\"elementor-column elementor-col-100 elementor-inner-column elementor-element elementor-element-56f570c\" data-id=\"56f570c\" data-element_type=\"column\">\n\t\t\t<div class=\"elementor-widget-wrap elementor-element-populated\">\n\t\t\t\t\t\t\t\t<div class=\"elementor-element elementor-element-219eeec elementor-widget elementor-widget-text-editor\" data-id=\"219eeec\" data-element_type=\"widget\" data-widget_type=\"text-editor.default\">\n\t\t\t\t<div class=\"elementor-widget-container\">\n\t\t\t<style>\/*! elementor - v3.14.0 - 18-06-2023 *\/\n.elementor-widget-text-editor.elementor-drop-cap-view-stacked .elementor-drop-cap{background-color:#69727d;color:#fff}.elementor-widget-text-editor.elementor-drop-cap-view-framed .elementor-drop-cap{color:#69727d;border:3px solid;background-color:transparent}.elementor-widget-text-editor:not(.elementor-drop-cap-view-default) .elementor-drop-cap{margin-top:8px}.elementor-widget-text-editor:not(.elementor-drop-cap-view-default) .elementor-drop-cap-letter{width:1em;height:1em}.elementor-widget-text-editor .elementor-drop-cap{float:left;text-align:center;line-height:1;font-size:50px}.elementor-widget-text-editor .elementor-drop-cap-letter{display:inline-block}<\/style>\t\t\t\t<p>Em 1986, dois jovens primos, M\u00e1rcio Santiago e Ernesto Raposo, deram o primeiro passo rumo \u00e0 cria\u00e7\u00e3o do Latic\u00ednios Danata, que se tornaria uma empresa de destaque anos mais tarde. Com apenas 20 anos de idade, eles deixaram a cidade de Ara\u00fajos, localizada no centro-oeste de Minas Gerais, e partiram para Divin\u00f3polis. Essa mudan\u00e7a foi motivada pela busca por forma\u00e7\u00e3o acad\u00eamica. Para financiar seus estudos e despesas com moradia, eles tiveram a brilhante ideia de utilizar a tradi\u00e7\u00e3o de sua cidade natal na produ\u00e7\u00e3o de queijos.<\/p><p>&#8220;Lembro-me de visitar a fam\u00edlia e retornar com 30kg de queijo para revender. Foi assim que come\u00e7amos a construir nossa clientela, e percebemos que isso poderia se tornar um neg\u00f3cio promissor&#8221;, relembra M\u00e1rcio.<\/p><p>Durante os dois anos seguintes, a revenda de queijos foi a principal fonte de renda dos primos. No final de 1986, eles decidiram comprar um galp\u00e3o em Carmo do Cajuru, a apenas 15km de Divin\u00f3polis, e fundaram o Latic\u00ednios Danata. &#8220;Transformamos o espa\u00e7o em uma pequena f\u00e1brica e iniciamos a produ\u00e7\u00e3o de mussarela, utilizando apenas 50 litros de leite e contando com um funcion\u00e1rio&#8221;, conta M\u00e1rcio. Rapidamente, os produtos do latic\u00ednio conquistaram espa\u00e7o nos com\u00e9rcios de Divin\u00f3polis, Contagem e Belo Horizonte.<\/p>\t\t\t\t\t\t<\/div>\n\t\t\t\t<\/div>\n\t\t\t\t\t<\/div>\n\t\t<\/div>\n\t\t\t\t\t\t\t<\/div>\n\t\t<\/section>\n\t\t\t\t<section class=\"elementor-section elementor-inner-section elementor-element elementor-element-8b676c3 elementor-section-content-top elementor-section-boxed elementor-section-height-default elementor-section-height-default\" data-id=\"8b676c3\" data-element_type=\"section\">\n\t\t\t\t\t\t<div class=\"elementor-container elementor-column-gap-no\">\n\t\t\t\t\t<div class=\"elementor-column elementor-col-100 elementor-inner-column elementor-element elementor-element-933b151\" data-id=\"933b151\" data-element_type=\"column\">\n\t\t\t<div class=\"elementor-widget-wrap elementor-element-populated\">\n\t\t\t\t\t\t\t\t<div class=\"elementor-element elementor-element-453618c elementor-widget elementor-widget-image\" data-id=\"453618c\" data-element_type=\"widget\" data-widget_type=\"image.default\">\n\t\t\t\t<div class=\"elementor-widget-container\">\n\t\t\t<style>\/*! elementor - v3.14.0 - 18-06-2023 *\/\n.elementor-widget-image{text-align:center}.elementor-widget-image a{display:inline-block}.elementor-widget-image a img[src$=\".svg\"]{width:48px}.elementor-widget-image img{vertical-align:middle;display:inline-block}<\/style>\t\t\t\t\t\t\t\t\t\t\t\t<img loading=\"lazy\" decoding=\"async\" width=\"2560\" height=\"1709\" src=\"https:\/\/laticiniosdanata.com.br\/wp-content\/uploads\/2023\/06\/tecnologo-profissional-abrindo-tanque-industrial-na-planta-de-producao-scaled.jpg\" class=\"attachment-full size-full wp-image-2684\" alt=\"\" srcset=\"https:\/\/laticiniosdanata.com.br\/wp-content\/uploads\/2023\/06\/tecnologo-profissional-abrindo-tanque-industrial-na-planta-de-producao-scaled.jpg 2560w, https:\/\/laticiniosdanata.com.br\/wp-content\/uploads\/2023\/06\/tecnologo-profissional-abrindo-tanque-industrial-na-planta-de-producao-300x200.jpg 300w, https:\/\/laticiniosdanata.com.br\/wp-content\/uploads\/2023\/06\/tecnologo-profissional-abrindo-tanque-industrial-na-planta-de-producao-1024x683.jpg 1024w, https:\/\/laticiniosdanata.com.br\/wp-content\/uploads\/2023\/06\/tecnologo-profissional-abrindo-tanque-industrial-na-planta-de-producao-768x513.jpg 768w, https:\/\/laticiniosdanata.com.br\/wp-content\/uploads\/2023\/06\/tecnologo-profissional-abrindo-tanque-industrial-na-planta-de-producao-1536x1025.jpg 1536w, https:\/\/laticiniosdanata.com.br\/wp-content\/uploads\/2023\/06\/tecnologo-profissional-abrindo-tanque-industrial-na-planta-de-producao-2048x1367.jpg 2048w, https:\/\/laticiniosdanata.com.br\/wp-content\/uploads\/2023\/06\/tecnologo-profissional-abrindo-tanque-industrial-na-planta-de-producao-535x357.jpg 535w\" sizes=\"auto, (max-width: 2560px) 100vw, 2560px\" \/>\t\t\t\t\t\t\t\t\t\t\t\t\t\t\t<\/div>\n\t\t\t\t<\/div>\n\t\t\t\t\t<\/div>\n\t\t<\/div>\n\t\t\t\t\t\t\t<\/div>\n\t\t<\/section>\n\t\t\t\t<section class=\"elementor-section elementor-inner-section elementor-element elementor-element-5e52514 elementor-section-content-top elementor-section-boxed elementor-section-height-default elementor-section-height-default\" data-id=\"5e52514\" data-element_type=\"section\">\n\t\t\t\t\t\t<div class=\"elementor-container elementor-column-gap-no\">\n\t\t\t\t\t<div class=\"elementor-column elementor-col-100 elementor-inner-column elementor-element elementor-element-c1cbe28\" data-id=\"c1cbe28\" data-element_type=\"column\">\n\t\t\t<div class=\"elementor-widget-wrap elementor-element-populated\">\n\t\t\t\t\t\t\t\t<div class=\"elementor-element elementor-element-db6a8e8 elementor-widget elementor-widget-text-editor\" data-id=\"db6a8e8\" data-element_type=\"widget\" data-widget_type=\"text-editor.default\">\n\t\t\t\t<div class=\"elementor-widget-container\">\n\t\t\t\t\t\t\t<p><strong>Valorizando a tradi\u00e7\u00e3o<\/strong><\/p><p>Com o passar dos anos, o latic\u00ednio expandiu sua capacidade produtiva e hoje \u00e9 capaz de processar mais de 9000 litros de leite, resultando em um portf\u00f3lio de 26 itens. Para tornar isso poss\u00edvel, os s\u00f3cios investiram na aquisi\u00e7\u00e3o de um novo terreno, na amplia\u00e7\u00e3o da f\u00e1brica e na moderniza\u00e7\u00e3o dos equipamentos. Atualmente, a empresa conta com 40 funcion\u00e1rios na \u00e1rea de produ\u00e7\u00e3o e cinco na \u00e1rea administrativa.<\/p><p>&#8220;Apesar de todo esse crescimento, o Latic\u00ednio Danata mant\u00e9m firme a valoriza\u00e7\u00e3o dos antigos princ\u00edpios. Todo o leite \u00e9 fornecido por produtores locais de m\u00e9dio e pequeno porte, e contamos com a dedica\u00e7\u00e3o do nosso mestre queijeiro, Seu Miguel Martins, que est\u00e1 conosco h\u00e1 mais de 25 anos. Al\u00e9m de ser um verdadeiro artista na produ\u00e7\u00e3o de queijos, ele se empenha em garantir excel\u00eancia e qualidade em nossos produtos&#8221;, revela M\u00e1rcio.<\/p>\t\t\t\t\t\t<\/div>\n\t\t\t\t<\/div>\n\t\t\t\t\t<\/div>\n\t\t<\/div>\n\t\t\t\t\t\t\t<\/div>\n\t\t<\/section>\n\t\t\t\t<section class=\"elementor-section elementor-inner-section elementor-element elementor-element-f24892e elementor-section-content-top elementor-section-boxed elementor-section-height-default elementor-section-height-default\" data-id=\"f24892e\" data-element_type=\"section\">\n\t\t\t\t\t\t<div class=\"elementor-container elementor-column-gap-no\">\n\t\t\t\t\t<div class=\"elementor-column elementor-col-100 elementor-inner-column elementor-element elementor-element-fe0303c\" data-id=\"fe0303c\" data-element_type=\"column\">\n\t\t\t<div class=\"elementor-widget-wrap elementor-element-populated\">\n\t\t\t\t\t\t\t\t<div class=\"elementor-element elementor-element-36dcca7 elementor-widget elementor-widget-image\" data-id=\"36dcca7\" data-element_type=\"widget\" data-widget_type=\"image.default\">\n\t\t\t\t<div class=\"elementor-widget-container\">\n\t\t\t\t\t\t\t\t\t\t\t\t\t\t\t<img loading=\"lazy\" decoding=\"async\" width=\"1000\" height=\"668\" src=\"https:\/\/laticiniosdanata.com.br\/wp-content\/uploads\/2025\/05\/profissionais.jpg\" class=\"attachment-full size-full wp-image-3731\" alt=\"\" srcset=\"https:\/\/laticiniosdanata.com.br\/wp-content\/uploads\/2025\/05\/profissionais.jpg 1000w, https:\/\/laticiniosdanata.com.br\/wp-content\/uploads\/2025\/05\/profissionais-300x200.jpg 300w, https:\/\/laticiniosdanata.com.br\/wp-content\/uploads\/2025\/05\/profissionais-768x513.jpg 768w, https:\/\/laticiniosdanata.com.br\/wp-content\/uploads\/2025\/05\/profissionais-535x357.jpg 535w\" sizes=\"auto, (max-width: 1000px) 100vw, 1000px\" \/>\t\t\t\t\t\t\t\t\t\t\t\t\t\t\t<\/div>\n\t\t\t\t<\/div>\n\t\t\t\t\t<\/div>\n\t\t<\/div>\n\t\t\t\t\t\t\t<\/div>\n\t\t<\/section>\n\t\t\t\t\t<\/div>\n\t\t<\/div>\n\t\t\t\t\t\t\t<\/div>\n\t\t<\/section>\n\t\t\t\t<section class=\"elementor-section elementor-top-section elementor-element elementor-element-2d8e378 elementor-section-stretched elementor-section-full_width elementor-section-height-default elementor-section-height-default\" data-id=\"2d8e378\" data-element_type=\"section\" data-settings=\"{&quot;stretch_section&quot;:&quot;section-stretched&quot;}\">\n\t\t\t\t\t\t<div class=\"elementor-container elementor-column-gap-default\">\n\t\t\t\t\t<div class=\"elementor-column elementor-col-100 elementor-top-column elementor-element elementor-element-a3a3f7d\" data-id=\"a3a3f7d\" data-element_type=\"column\">\n\t\t\t<div class=\"elementor-widget-wrap elementor-element-populated\">\n\t\t\t\t\t\t\t\t<section class=\"elementor-section elementor-inner-section elementor-element elementor-element-87f4697 elementor-section-content-top elementor-section-boxed elementor-section-height-default elementor-section-height-default\" data-id=\"87f4697\" data-element_type=\"section\">\n\t\t\t\t\t\t<div class=\"elementor-container elementor-column-gap-no\">\n\t\t\t\t\t<div class=\"elementor-column elementor-col-100 elementor-inner-column elementor-element elementor-element-b1418d8\" data-id=\"b1418d8\" data-element_type=\"column\">\n\t\t\t<div class=\"elementor-widget-wrap\">\n\t\t\t\t\t\t\t\t\t<\/div>\n\t\t<\/div>\n\t\t\t\t\t\t\t<\/div>\n\t\t<\/section>\n\t\t\t\t\t<\/div>\n\t\t<\/div>\n\t\t\t\t\t\t\t<\/div>\n\t\t<\/section>\n\t\t\t\t<section class=\"elementor-section elementor-top-section elementor-element elementor-element-272b9dc elementor-section-stretched elementor-section-full_width elementor-section-height-default elementor-section-height-default\" data-id=\"272b9dc\" data-element_type=\"section\" data-settings=\"{&quot;stretch_section&quot;:&quot;section-stretched&quot;,&quot;background_background&quot;:&quot;classic&quot;}\">\n\t\t\t\t\t\t<div class=\"elementor-container elementor-column-gap-default\">\n\t\t\t\t\t<div class=\"elementor-column elementor-col-100 elementor-top-column elementor-element elementor-element-71ba6d4\" data-id=\"71ba6d4\" data-element_type=\"column\">\n\t\t\t<div class=\"elementor-widget-wrap elementor-element-populated\">\n\t\t\t\t\t\t\t\t<div class=\"elementor-element elementor-element-abbf91f elementor-widget elementor-widget-spacer\" data-id=\"abbf91f\" data-element_type=\"widget\" data-widget_type=\"spacer.default\">\n\t\t\t\t<div class=\"elementor-widget-container\">\n\t\t\t\t\t<div class=\"elementor-spacer\">\n\t\t\t<div class=\"elementor-spacer-inner\"><\/div>\n\t\t<\/div>\n\t\t\t\t<\/div>\n\t\t\t\t<\/div>\n\t\t\t\t<div class=\"elementor-element elementor-element-075ecfb full-screen-true elementor-widget elementor-widget-mae-gallery-carousel\" data-id=\"075ecfb\" data-element_type=\"widget\" data-widget_type=\"mae-gallery-carousel.default\">\n\t\t\t\t<div class=\"elementor-widget-container\">\n\t\t\t\n        <div class=\"master-carousel-box mlr-1350508856 master-galleries full-screen-true\" data-config='{\"column\":\"custom\",\"gap\":\"0px\",\"arrowPosition\":null,\"arrowMiddleOffset\":null,\"arrowTopOffset\":null,\"dotOffset\":null,\"fullRight\":false,\"autoPlay\":true,\"prevNextButtons\":false,\"pageDots\":false,\"groupCells\":false,\"cellAlign\":\"center\",\"wrapAround\":true}'>\n                            <div class=\"master-gallery  item-carousel \">\n                    <div class=\"thumb\"><img decoding=\"async\" src=\"http:\/\/laticiniosdanata.com.br\/wp-content\/uploads\/2023\/06\/Logo-Danata-Latici\u0301nios.png\" alt=\"Image\" \/><\/div>                <\/div>\n                    <\/div>\n\n        \t\t<\/div>\n\t\t\t\t<\/div>\n\t\t\t\t<div class=\"elementor-element elementor-element-7a6e49a elementor-widget elementor-widget-spacer\" data-id=\"7a6e49a\" data-element_type=\"widget\" data-widget_type=\"spacer.default\">\n\t\t\t\t<div class=\"elementor-widget-container\">\n\t\t\t\t\t<div class=\"elementor-spacer\">\n\t\t\t<div class=\"elementor-spacer-inner\"><\/div>\n\t\t<\/div>\n\t\t\t\t<\/div>\n\t\t\t\t<\/div>\n\t\t\t\t\t<\/div>\n\t\t<\/div>\n\t\t\t\t\t\t\t<\/div>\n\t\t<\/section>\n\t\t\t\t\t\t\t<\/div>\n\t\t","protected":false},"excerpt":{"rendered":"<p>Nossa hist\u00f3ria Em 1986, dois jovens primos, M\u00e1rcio Santiago e Ernesto Raposo, deram o primeiro passo rumo \u00e0 cria\u00e7\u00e3o do Latic\u00ednios Danata, que se tornaria uma empresa de destaque anos mais tarde. Com apenas 20 anos de idade, eles deixaram a cidade de Ara\u00fajos, localizada no centro-oeste<\/p>\n","protected":false},"author":1,"featured_media":0,"parent":0,"menu_order":0,"comment_status":"closed","ping_status":"closed","template":"","meta":{"_mi_skip_tracking":false,"_monsterinsights_sitenote_active":false,"_monsterinsights_sitenote_note":"","_monsterinsights_sitenote_category":0,"footnotes":""},"class_list":["post-2661","page","type-page","status-publish","hentry"],"_links":{"self":[{"href":"https:\/\/laticiniosdanata.com.br\/index.php?rest_route=\/wp\/v2\/pages\/2661","targetHints":{"allow":["GET"]}}],"collection":[{"href":"https:\/\/laticiniosdanata.com.br\/index.php?rest_route=\/wp\/v2\/pages"}],"about":[{"href":"https:\/\/laticiniosdanata.com.br\/index.php?rest_route=\/wp\/v2\/types\/page"}],"author":[{"embeddable":true,"href":"https:\/\/laticiniosdanata.com.br\/index.php?rest_route=\/wp\/v2\/users\/1"}],"replies":[{"embeddable":true,"href":"https:\/\/laticiniosdanata.com.br\/index.php?rest_route=%2Fwp%2Fv2%2Fcomments&post=2661"}],"version-history":[{"count":49,"href":"https:\/\/laticiniosdanata.com.br\/index.php?rest_route=\/wp\/v2\/pages\/2661\/revisions"}],"predecessor-version":[{"id":3737,"href":"https:\/\/laticiniosdanata.com.br\/index.php?rest_route=\/wp\/v2\/pages\/2661\/revisions\/3737"}],"wp:attachment":[{"href":"https:\/\/laticiniosdanata.com.br\/index.php?rest_route=%2Fwp%2Fv2%2Fmedia&parent=2661"}],"curies":[{"name":"wp","href":"https:\/\/api.w.org\/{rel}","templated":true}]}}